{"id":351,"date":"2022-12-27T19:27:18","date_gmt":"2022-12-27T19:27:18","guid":{"rendered":"https:\/\/pegasus-fahrschule.com\/?page_id=351"},"modified":"2022-12-27T19:57:34","modified_gmt":"2022-12-27T19:57:34","slug":"schueler","status":"publish","type":"page","link":"https:\/\/pegasus-fahrschule.com\/tr\/schueler\/","title":{"rendered":"Sch\u00fcler"},"content":{"rendered":"<div class=\"wp-block-columns alignwide is-layout-flex wp-container-core-columns-is-layout-28f84493 wp-block-columns-is-layout-flex\">\n<div class=\"wp-block-column is-layout-flow wp-block-column-is-layout-flow\" style=\"flex-basis:100%\">\n<div class=\"wp-block-file\">\n<h2>Hier kannst du die Datei Herunterladen<\/h2>\n<a id=\"wp-block-file--media-670ca73e-a8f5-4ce1-b2f2-46ebd5804380\" href=\"https:\/\/pegasus-fahrschule.com\/wp-content\/uploads\/2022\/12\/Pegasus-Zeichenbild-1-scaled.jpg\">Pegasus-Zeichenbild-1<\/a><a href=\"https:\/\/pegasus-fahrschule.com\/wp-content\/uploads\/2022\/12\/Pegasus-Zeichenbild-1-scaled.jpg\" class=\"wp-block-file__button wp-element-button\" download=\"\" aria-describedby=\"wp-block-file--media-670ca73e-a8f5-4ce1-b2f2-46ebd5804380\">Herunterladen<\/a>\n<p>Bitte f\u00fclle das Dokument aus und sende sie \u00fcber den n\u00e4chsten Link!<\/p>\n<\/div>\n<\/div>\n<\/div>","protected":false},"excerpt":{"rendered":"<p>Hier kannst du die Datei Herunterladen Pegasus-Zeichenbild-1Herunterladen Bitte f\u00fclle das Dokument aus und sende sie \u00fcber den n\u00e4chsten Link!<\/p>","protected":false},"author":1,"featured_media":0,"parent":0,"menu_order":0,"comment_status":"closed","ping_status":"closed","template":"","meta":{"footnotes":""},"class_list":["post-351","page","type-page","status-publish","hentry"],"_links":{"self":[{"href":"https:\/\/pegasus-fahrschule.com\/tr\/wp-json\/wp\/v2\/pages\/351","targetHints":{"allow":["GET"]}}],"collection":[{"href":"https:\/\/pegasus-fahrschule.com\/tr\/wp-json\/wp\/v2\/pages"}],"about":[{"href":"https:\/\/pegasus-fahrschule.com\/tr\/wp-json\/wp\/v2\/types\/page"}],"author":[{"embeddable":true,"href":"https:\/\/pegasus-fahrschule.com\/tr\/wp-json\/wp\/v2\/users\/1"}],"replies":[{"embeddable":true,"href":"https:\/\/pegasus-fahrschule.com\/tr\/wp-json\/wp\/v2\/comments?post=351"}],"version-history":[{"count":4,"href":"https:\/\/pegasus-fahrschule.com\/tr\/wp-json\/wp\/v2\/pages\/351\/revisions"}],"predecessor-version":[{"id":373,"href":"https:\/\/pegasus-fahrschule.com\/tr\/wp-json\/wp\/v2\/pages\/351\/revisions\/373"}],"wp:attachment":[{"href":"https:\/\/pegasus-fahrschule.com\/tr\/wp-json\/wp\/v2\/media?parent=351"}],"curies":[{"name":"wp","href":"https:\/\/api.w.org\/{rel}","templated":true}]}}