{"id":38,"date":"2022-12-16T15:43:02","date_gmt":"2022-12-16T15:43:02","guid":{"rendered":"https:\/\/pegasus-fahrschule.com\/?page_id=38"},"modified":"2024-07-11T10:05:01","modified_gmt":"2024-07-11T10:05:01","slug":"theorieunterricht","status":"publish","type":"page","link":"https:\/\/pegasus-fahrschule.com\/tr\/theorieunterricht\/","title":{"rendered":"Ehliyete gidenyol"},"content":{"rendered":"<h2 class=\"wp-block-heading has-text-align-center\"><em>TEOR\u0130 DERS\u0130<\/em><\/h2>\n\n\n\n<div style=\"height:100px\" aria-hidden=\"true\" class=\"wp-block-spacer\"><\/div>\n\n\n\n<div class=\"wp-block-media-text alignwide is-stacked-on-mobile is-vertically-aligned-center\" style=\"grid-template-columns:41% auto\"><figure class=\"wp-block-media-text__media\"><img loading=\"lazy\" decoding=\"async\" width=\"1024\" height=\"683\" src=\"https:\/\/pegasus-fahrschule.com\/wp-content\/uploads\/2024\/07\/iStock-1125351656-1024x683.jpg\" alt=\"\" class=\"wp-image-1138 size-full\" srcset=\"https:\/\/pegasus-fahrschule.com\/wp-content\/uploads\/2024\/07\/iStock-1125351656-1024x683.jpg 1024w, https:\/\/pegasus-fahrschule.com\/wp-content\/uploads\/2024\/07\/iStock-1125351656-300x200.jpg 300w, https:\/\/pegasus-fahrschule.com\/wp-content\/uploads\/2024\/07\/iStock-1125351656-2000x1333.jpg 2000w, https:\/\/pegasus-fahrschule.com\/wp-content\/uploads\/2024\/07\/iStock-1125351656-scaled-18x12.jpg 18w\" sizes=\"auto, (max-width: 1024px) 100vw, 1024px\" \/><\/figure><div class=\"wp-block-media-text__content\">\n<p><strong>Ba\u015far\u0131l\u0131 s\u00fcr\u00fcc\u00fc belgesi<\/strong><\/p>\n\n\n\n<p>Hukuki durum, trafik g\u00fcvenli\u011fi, ge\u00e7i\u015f hakk\u0131, trafik davran\u0131\u015f\u0131 vb. konulardaki bilgiler teorik derslerde verilmektedir. Bu bilgi sadece teori testiniz i\u00e7in ge\u00e7erli de\u011fildir, ayn\u0131 zamanda s\u00fcr\u00fc\u015f dersleriniz i\u00e7in de temel olu\u015fturur. Sadece trafik kurallar\u0131n\u0131 bilirseniz yolda g\u00fcvende olabilirsiniz.<\/p>\n<\/div><\/div>\n\n\n\n<div style=\"height:73px\" aria-hidden=\"true\" class=\"wp-block-spacer\"><\/div>\n\n\n\n<h2 class=\"wp-block-heading has-text-align-center\"><em>S\u00dcR\u00dc\u015e DERSLER\u0130<\/em><\/h2>\n\n\n\n<div style=\"height:100px\" aria-hidden=\"true\" class=\"wp-block-spacer\"><\/div>\n\n\n\n<div class=\"wp-block-media-text alignwide has-media-on-the-right is-stacked-on-mobile\" style=\"grid-template-columns:auto 40%\"><div class=\"wp-block-media-text__content\">\n<p><strong>S\u00dcR\u00dc\u015e DERSLER\u0130<\/strong><\/p>\n\n\n\n<p>D\u00fczg\u00fcn bir \u015fekilde nas\u0131l debriyaja bas\u0131laca\u011f\u0131n\u0131 veya park edilece\u011fini bilmiyorsunuz. Endi\u015felenmeyin - pratik s\u00fcr\u00fc\u015f dersleri bunun i\u00e7in var, ne de olsa g\u00f6kten hi\u00e7bir usta d\u00fc\u015fmedi. S\u00fcr\u00fc\u015f e\u011fitmeni sizi e\u011fitecek ve m\u00fcmk\u00fcn olana kadar sizinle pratik yapacakt\u0131r.<\/p>\n<\/div><figure class=\"wp-block-media-text__media\"><img loading=\"lazy\" decoding=\"async\" width=\"1024\" height=\"945\" src=\"https:\/\/pegasus-fahrschule.com\/wp-content\/uploads\/2022\/12\/Kupplung2-e1671709717546-1024x945.jpeg\" alt=\"\" class=\"wp-image-273 size-full\" srcset=\"https:\/\/pegasus-fahrschule.com\/wp-content\/uploads\/2022\/12\/Kupplung2-e1671709717546-1024x945.jpeg 1024w, https:\/\/pegasus-fahrschule.com\/wp-content\/uploads\/2022\/12\/Kupplung2-e1671709717546-300x277.jpeg 300w, https:\/\/pegasus-fahrschule.com\/wp-content\/uploads\/2022\/12\/Kupplung2-e1671709717546-768x709.jpeg 768w, https:\/\/pegasus-fahrschule.com\/wp-content\/uploads\/2022\/12\/Kupplung2-e1671709717546-13x12.jpeg 13w, https:\/\/pegasus-fahrschule.com\/wp-content\/uploads\/2022\/12\/Kupplung2-e1671709717546.jpeg 1368w\" sizes=\"auto, (max-width: 1024px) 100vw, 1024px\" \/><\/figure><\/div>\n\n\n\n<p><\/p>\n\n\n\n<div style=\"height:100px\" aria-hidden=\"true\" class=\"wp-block-spacer\"><\/div>\n\n\n\n<h2 class=\"wp-block-heading has-text-align-center\">S\u0131navlar<\/h2>\n\n\n\n<div style=\"height:100px\" aria-hidden=\"true\" class=\"wp-block-spacer\"><\/div>\n\n\n\n<div class=\"wp-block-media-text alignwide is-stacked-on-mobile is-vertically-aligned-top\" style=\"grid-template-columns:44% auto\"><figure class=\"wp-block-media-text__media\"><img loading=\"lazy\" decoding=\"async\" width=\"1024\" height=\"769\" src=\"https:\/\/pegasus-fahrschule.com\/wp-content\/uploads\/2022\/12\/Pruefung-1024x769.jpeg\" alt=\"\" class=\"wp-image-172 size-full\" srcset=\"https:\/\/pegasus-fahrschule.com\/wp-content\/uploads\/2022\/12\/Pruefung-1024x769.jpeg 1024w, https:\/\/pegasus-fahrschule.com\/wp-content\/uploads\/2022\/12\/Pruefung-300x225.jpeg 300w, https:\/\/pegasus-fahrschule.com\/wp-content\/uploads\/2022\/12\/Pruefung-768x577.jpeg 768w, https:\/\/pegasus-fahrschule.com\/wp-content\/uploads\/2022\/12\/Pruefung-1536x1153.jpeg 1536w, https:\/\/pegasus-fahrschule.com\/wp-content\/uploads\/2022\/12\/Pruefung-2048x1538.jpeg 2048w, https:\/\/pegasus-fahrschule.com\/wp-content\/uploads\/2022\/12\/Pruefung-2000x1502.jpeg 2000w, https:\/\/pegasus-fahrschule.com\/wp-content\/uploads\/2022\/12\/Pruefung-scaled-16x12.jpeg 16w\" sizes=\"auto, (max-width: 1024px) 100vw, 1024px\" \/><\/figure><div class=\"wp-block-media-text__content\">\n<p><strong>Teori Dersi<\/strong><\/p>\n\n\n\n<p>Yolda direksiyon e\u011fitmeniniz ile teorik bilgi prati\u011fe d\u00f6kt\u00fcn\u00fcz ve peki\u015ftirdiniz. Ancak, bu teori testi i\u00e7in nadiren yeterlidir, bu y\u00fczden \u015fimdi \u00f6\u011frenme, \u00f6\u011frenme, \u00f6\u011frenme zaman\u0131<\/p>\n\n\n\n<p><\/p>\n<\/div><\/div>\n\n\n\n<div style=\"height:70px\" aria-hidden=\"true\" class=\"wp-block-spacer\"><\/div>\n\n\n\n<div class=\"wp-block-media-text alignwide has-media-on-the-right is-stacked-on-mobile\"><div class=\"wp-block-media-text__content\">\n<p><strong>Pratik<\/strong><\/p>\n\n\n\n<p>Pratik test tamamen farkl\u0131d\u0131r. S\u00fcr\u00fc\u015f e\u011fitmeniniz size haz\u0131r oldu\u011funuzu s\u00f6yl\u00fcyorsa ona g\u00fcvenebilirsiniz. Seninle uzun s\u00fcre pratik yapt\u0131 ve sen s\u0131nava haz\u0131rs\u0131n. \u015eimdi sakin kalma ve gergin olma zaman\u0131, o zaman yak\u0131nda ehliyetiniz elinizde olacak.<\/p>\n\n\n\n<p>Sitemizde zaten Pegasus s\u00fcr\u00fcc\u00fc kursunda ehliyet e\u011fitimi hakk\u0131nda detayl\u0131 bilgi bulabilirsiniz. Sizin i\u00e7in en \u00f6nemli sorular\u0131 SSS b\u00f6l\u00fcm\u00fcm\u00fczde \u00f6zetledik.<\/p>\n<\/div><figure class=\"wp-block-media-text__media\"><img loading=\"lazy\" decoding=\"async\" width=\"1024\" height=\"684\" src=\"https:\/\/pegasus-fahrschule.com\/wp-content\/uploads\/2022\/12\/first-lesson-start-1024x684.jpg\" alt=\"\" class=\"wp-image-10 size-full\" srcset=\"https:\/\/pegasus-fahrschule.com\/wp-content\/uploads\/2022\/12\/first-lesson-start-1024x684.jpg 1024w, https:\/\/pegasus-fahrschule.com\/wp-content\/uploads\/2022\/12\/first-lesson-start-300x200.jpg 300w, https:\/\/pegasus-fahrschule.com\/wp-content\/uploads\/2022\/12\/first-lesson-start-768x513.jpg 768w, https:\/\/pegasus-fahrschule.com\/wp-content\/uploads\/2022\/12\/first-lesson-start-18x12.jpg 18w, https:\/\/pegasus-fahrschule.com\/wp-content\/uploads\/2022\/12\/first-lesson-start.jpg 1300w\" sizes=\"auto, (max-width: 1024px) 100vw, 1024px\" \/><\/figure><\/div>\n\n\n\n<div style=\"height:100px\" aria-hidden=\"true\" class=\"wp-block-spacer\"><\/div>\n\n\n\n<div class=\"wp-block-media-text is-stacked-on-mobile is-vertically-aligned-top\" style=\"grid-template-columns:46% auto\"><figure class=\"wp-block-media-text__media\"><img loading=\"lazy\" decoding=\"async\" width=\"1024\" height=\"683\" src=\"https:\/\/pegasus-fahrschule.com\/wp-content\/uploads\/2024\/07\/iStock-1211622412-1024x683.jpg\" alt=\"\" class=\"wp-image-1140 size-full\" srcset=\"https:\/\/pegasus-fahrschule.com\/wp-content\/uploads\/2024\/07\/iStock-1211622412-1024x683.jpg 1024w, https:\/\/pegasus-fahrschule.com\/wp-content\/uploads\/2024\/07\/iStock-1211622412-300x200.jpg 300w, https:\/\/pegasus-fahrschule.com\/wp-content\/uploads\/2024\/07\/iStock-1211622412-2000x1333.jpg 2000w, https:\/\/pegasus-fahrschule.com\/wp-content\/uploads\/2024\/07\/iStock-1211622412-scaled-18x12.jpg 18w\" sizes=\"auto, (max-width: 1024px) 100vw, 1024px\" \/><\/figure><div class=\"wp-block-media-text__content\">\n<p>\u015eubemizde \u00e7al\u0131\u015fanlar\u0131m\u0131zdan tavsiye alabilir ve sorular\u0131n\u0131z\u0131n yan\u0131t\u0131n\u0131 alabilirsiniz. Meslekta\u015flar\u0131m\u0131z size ad\u0131m ad\u0131m ne yapman\u0131z gerekti\u011fini ve bunun ne kadar s\u00fcrece\u011fini a\u00e7\u0131klamaktan mutluluk duyacakt\u0131r. Daha sonra ehliyet e\u011fitiminizi bizimle yapmaya karar verirseniz, s\u00f6zle\u015fmenizi yerinde imzalayabilir ve hemen ard\u0131ndan teori ile ba\u015flayabilirsiniz.<\/p>\n<\/div><\/div>\n\n\n\n<div style=\"height:100px\" aria-hidden=\"true\" class=\"wp-block-spacer\"><\/div>\n\n\n\n<div class=\"wp-block-media-text alignwide has-media-on-the-right is-stacked-on-mobile\" style=\"grid-template-columns:auto 53%\"><div class=\"wp-block-media-text__content\">\n<p>S\u00fcr\u00fcc\u00fc kursu ba\u015fvurusu, g\u00f6z testi, vesikal\u0131k foto\u011fraf ve ilk yard\u0131m kursu ile birlikte n\u00fcfus dairesine yap\u0131lmal\u0131d\u0131r. Bunu nispeten h\u0131zl\u0131 bir \u015fekilde g\u00f6ndermelisiniz, \u00e7\u00fcnk\u00fc yetkililerin ba\u015fvurudan sonra i\u015fleme koymas\u0131 i\u00e7in 6-8 haftaya ihtiyac\u0131 vard\u0131r. S\u0131nava ancak ba\u015fvuru i\u015flendikten ve bize geri g\u00f6nderildikten sonra girebilirsiniz. Bu y\u00fczden hi\u00e7 zaman kaybetmeyin.<\/p>\n<\/div><figure class=\"wp-block-media-text__media\"><img loading=\"lazy\" decoding=\"async\" width=\"1024\" height=\"683\" src=\"https:\/\/pegasus-fahrschule.com\/wp-content\/uploads\/2024\/07\/iStock-1406562610-1024x683.jpg\" alt=\"\" class=\"wp-image-1139 size-full\" srcset=\"https:\/\/pegasus-fahrschule.com\/wp-content\/uploads\/2024\/07\/iStock-1406562610-1024x683.jpg 1024w, https:\/\/pegasus-fahrschule.com\/wp-content\/uploads\/2024\/07\/iStock-1406562610-300x200.jpg 300w, https:\/\/pegasus-fahrschule.com\/wp-content\/uploads\/2024\/07\/iStock-1406562610-2000x1333.jpg 2000w, https:\/\/pegasus-fahrschule.com\/wp-content\/uploads\/2024\/07\/iStock-1406562610-scaled-18x12.jpg 18w\" sizes=\"auto, (max-width: 1024px) 100vw, 1024px\" \/><\/figure><\/div>\n\n\n\n<p><\/p>\n\n\n\n<div style=\"height:100px\" aria-hidden=\"true\" class=\"wp-block-spacer\"><\/div>\n\n\n\n<div class=\"wp-block-media-text is-stacked-on-mobile\" style=\"grid-template-columns:40% auto\"><figure class=\"wp-block-media-text__media\"><img loading=\"lazy\" decoding=\"async\" width=\"1024\" height=\"684\" src=\"https:\/\/pegasus-fahrschule.com\/wp-content\/uploads\/2024\/07\/iStock-2009339192-1-1024x684.jpg\" alt=\"\" class=\"wp-image-1143 size-full\" srcset=\"https:\/\/pegasus-fahrschule.com\/wp-content\/uploads\/2024\/07\/iStock-2009339192-1-1024x684.jpg 1024w, https:\/\/pegasus-fahrschule.com\/wp-content\/uploads\/2024\/07\/iStock-2009339192-1-300x200.jpg 300w, https:\/\/pegasus-fahrschule.com\/wp-content\/uploads\/2024\/07\/iStock-2009339192-1-2000x1335.jpg 2000w, https:\/\/pegasus-fahrschule.com\/wp-content\/uploads\/2024\/07\/iStock-2009339192-1-scaled-18x12.jpg 18w\" sizes=\"auto, (max-width: 1024px) 100vw, 1024px\" \/><\/figure><div class=\"wp-block-media-text__content\">\n<p>\u0130lk \u00f6nce teori dersleriyle ba\u015flaman\u0131z\u0131 \u00f6neririz. Bu sayede \u00f6ncelikle trafik kurallar\u0131na al\u0131\u015fabilir ve direksiyon derslerine biraz daha iyi haz\u0131rlanabilirsiniz. Teori dersleri 12 temel konudan ve B s\u0131n\u0131f\u0131 i\u00e7in ek konulardan 13 + 14 olu\u015fur.<\/p>\n\n\n\n<p>Teorik dersler arac\u0131l\u0131\u011f\u0131yla zaten sa\u011flam bir bilgi olu\u015fturduktan sonra, bu uygulama s\u00fcr\u00fc\u015flerinde uygulamaya konur. \u0130lk yolculuk i\u00e7in, \u00e7ok yava\u015f yakla\u015fabilmeniz i\u00e7in her zaman trafi\u011fin az oldu\u011fu bir yol b\u00f6l\u00fcm\u00fc se\u00e7iyoruz.<\/p>\n<\/div><\/div>\n\n\n\n<div style=\"height:100px\" aria-hidden=\"true\" class=\"wp-block-spacer\"><\/div>\n\n\n\n<div class=\"wp-block-media-text alignwide has-media-on-the-right is-stacked-on-mobile is-vertically-aligned-top\" style=\"grid-template-columns:auto 43%\"><div class=\"wp-block-media-text__content\">\n<p>Uygulama s\u00fcr\u00fc\u015flerinin \u00e7o\u011fu \u015fehir merkezinde yap\u0131l\u0131rken, otoyolda (4 saat) ve karada (5 saat) yasal olarak zorunlu olan 12 \u00f6zel yolculuk var ve ayr\u0131ca karanl\u0131kta da s\u00fcr\u00fcyorsunuz (3 saat).<\/p>\n\n\n\n<p>Yetkililerden belgelerinizi ald\u0131ysan\u0131z, t\u00fcm teori derslerini tamamlam\u0131\u015f ve ofisimizde \u00f6n s\u0131nav\u0131 3 kez ge\u00e7mi\u015fseniz, teorik s\u0131nava kabul edilirsiniz ve ofisimize kay\u0131t yapt\u0131rabilirsiniz. <\/p>\n\n\n\n<p><\/p>\n<\/div><figure class=\"wp-block-media-text__media\"><img loading=\"lazy\" decoding=\"async\" width=\"1024\" height=\"768\" src=\"https:\/\/pegasus-fahrschule.com\/wp-content\/uploads\/2022\/12\/pegasus-Audi-1024x768.jpeg\" alt=\"\" class=\"wp-image-193 size-full\" srcset=\"https:\/\/pegasus-fahrschule.com\/wp-content\/uploads\/2022\/12\/pegasus-Audi-1024x768.jpeg 1024w, https:\/\/pegasus-fahrschule.com\/wp-content\/uploads\/2022\/12\/pegasus-Audi-300x225.jpeg 300w, https:\/\/pegasus-fahrschule.com\/wp-content\/uploads\/2022\/12\/pegasus-Audi-768x576.jpeg 768w, https:\/\/pegasus-fahrschule.com\/wp-content\/uploads\/2022\/12\/pegasus-Audi-16x12.jpeg 16w, https:\/\/pegasus-fahrschule.com\/wp-content\/uploads\/2022\/12\/pegasus-Audi.jpeg 1536w\" sizes=\"auto, (max-width: 1024px) 100vw, 1024px\" \/><\/figure><\/div>\n\n\n\n<div style=\"height:100px\" aria-hidden=\"true\" class=\"wp-block-spacer\"><\/div>\n\n\n\n<p>Kaydoldu\u011funuzda, T\u00dcV \u00fccretleri de dahil olmak \u00fczere yaln\u0131zca teorik s\u0131nav masraflar\u0131n\u0131 \u00f6demeniz gerekir. \u015eimdi neredeyse oradas\u0131n. Teori s\u0131nav\u0131n\u0131 ge\u00e7tiniz, son birka\u00e7 hafta i\u00e7inde s\u00fcr\u00fcc\u00fc e\u011fitmeninizle birlikte t\u00fcm zorunlu \u00f6zel gezileri tamamlad\u0131n\u0131z ve birini veya di\u011ferini tekrar uygulam\u0131\u015f olabilirsiniz. Daha sonra pratik test i\u00e7in uygun oldu\u011funuza birlikte karar verdiniz. Demek haz\u0131rs\u0131n. \u015eimdi gergin olmamal\u0131s\u0131n, o zaman her \u015fey yoluna girecek ve sonunda ehliyetini ellerinde tutabileceksin.<\/p>\n\n\n\n<p>Baz\u0131lar\u0131 uzun y\u0131llard\u0131r ehliyetlerini d\u00f6rt g\u00f6zle bekliyorlar ve ilk direksiyon derslerini almak i\u00e7in sab\u0131rs\u0131zlan\u0131yorlar. Di\u011ferleri her \u015feye biraz sayg\u0131 duyuyor ve a\u011f\u0131rdan almak istiyor. Ne t\u00fcr bir insan oldu\u011funuz \u00f6nemli de\u011fil - g\u00fcn\u00fcn sonunda e\u011fitimden keyif alman\u0131z \u00f6nemlidir. Bu nedenle, bu s\u00fcre zarf\u0131nda size e\u015flik eden ki\u015filer \u00f6zellikle \u00f6nemlidir.<\/p>\n\n\n\n<p>Bizimle hatalardan veya s\u00f6zde aptalca sorulardan korkman\u0131za gerek yok. Burada \u00e7al\u0131\u015fan kat\u0131 k\u0131demli \u00f6\u011fretmenler yok, i\u015fini seven insanlar var. Size her durumda araba kullanma sevincimizi iletmek istiyoruz ve azarlamak bunun bir par\u00e7as\u0131 de\u011fil! Amac\u0131m\u0131z, kendinizi rahat hissetmeniz ve bizimle ge\u00e7irdi\u011finiz zaman\u0131n olumlu bir \u015fekilde hat\u0131rlanmas\u0131d\u0131r.<\/p>\n\n\n\n<p>Do\u011fru s\u00fcr\u00fcc\u00fc kursu nas\u0131l bulunur? Ehliyet \u00fccreti ne kadar? Ne kadar s\u00fcr\u00fcyor ve her \u015fey asl\u0131nda ayr\u0131nt\u0131l\u0131 olarak nas\u0131l \u00e7al\u0131\u015f\u0131yor? \u00d6nce teori, sonra uygulama, yoksa tam tersi mi? Ba\u015flang\u0131\u00e7ta bir\u00e7ok sorunuz var. Endi\u015felenme - di\u011ferlerinden hi\u00e7bir fark\u0131n yok.<\/p>\n\n\n\n<p>Ofisteki meslekta\u015flar\u0131m\u0131z, hangi belgelere ihtiyac\u0131n\u0131z oldu\u011funu, ne yapman\u0131z gerekti\u011fini ve uzun zamand\u0131r beklenen ehliyetinizi nihayet elinize alman\u0131za kadar ne kadar s\u00fcrece\u011fini size ad\u0131m ad\u0131m a\u00e7\u0131klamaktan mutluluk duyacakt\u0131r.<\/p>\n\n\n\n<div style=\"height:100px\" aria-hidden=\"true\" class=\"wp-block-spacer\"><\/div>\n\n\n\n<h2 class=\"wp-block-heading\">\u00d6\u011frenci s\u00fcr\u00fcc\u00fclerimiz bizim hakk\u0131m\u0131zda b\u00f6yle s\u00f6yl\u00fcyor<\/h2>\n\n\n\n<div style=\"height:100px\" aria-hidden=\"true\" class=\"wp-block-spacer\"><\/div>\n\n\n\n<p>Her bir incelemenizi d\u00f6rt g\u00f6zle bekliyoruz ve Google, Facebook veya Yelp'teki her birinin ger\u00e7ek oldu\u011funu garanti ediyoruz. Her puan\u0131n, her yorumun arkas\u0131nda s\u00fcr\u00fcc\u00fc kursumuzun bir \u00f6\u011frencisi vard\u0131r.<\/p>\n\n\n\n<p>Memnun kal\u0131rsan\u0131z ve ba\u015fkalar\u0131na s\u00f6ylerseniz mutlu oluruz. \u00c7\u00fcnk\u00fc bununla bize paran\u0131n sat\u0131n alamayaca\u011f\u0131 bir \u015fey vermi\u015f oluyorsunuz - bu da g\u00fcvendir. Arkada\u015flar\u0131n\u0131za ve tan\u0131d\u0131klar\u0131n\u0131za, sizin i\u00e7in \u015fimdiye kadar verdi\u011fimiz kadar iyi bir ehliyet e\u011fitimi sunaca\u011f\u0131m\u0131za g\u00fcveniyorsunuz. Bunun i\u00e7in hepinize inan\u0131lmaz minnettar\u0131z.<\/p>\n\n\n\n<div style=\"height:100px\" aria-hidden=\"true\" class=\"wp-block-spacer\"><\/div>","protected":false},"excerpt":{"rendered":"<p>DER THEORIEUNTERRICHT Der Erfolgreich zum F\u00fchrerschein Im Theorieunterricht werden Kenntnisse der rechtlichen Situation, Verkehrssicherheit, Vorfahrt, Verkehrsverhalten, etc. geschult. Diese Kenntnisse sind nicht nur f\u00fcr deine Theoriepr\u00fcfung relevant, sondern bilden auch die Grundlage f\u00fcr deine Fahrstunden. Nur wenn man die Verkehrsregeln beherrscht, kann man sicher unterwegs sein DIE FAHRSTUNDEN DIE FAHRSTUNDEN Du wei\u00dft nicht, wie man &hellip; <\/p>\n<p class=\"link-more\"><a href=\"https:\/\/pegasus-fahrschule.com\/tr\/theorieunterricht\/\" class=\"more-link\"><span class=\"screen-reader-text\"> &#8220;Erfolgreich zum F\u00fchrerschein&#8221;<\/span>devam\u0131n\u0131 oku<\/a><\/p>","protected":false},"author":1,"featured_media":0,"parent":0,"menu_order":0,"comment_status":"closed","ping_status":"closed","template":"","meta":{"footnotes":""},"class_list":["post-38","page","type-page","status-publish","hentry"],"_links":{"self":[{"href":"https:\/\/pegasus-fahrschule.com\/tr\/wp-json\/wp\/v2\/pages\/38","targetHints":{"allow":["GET"]}}],"collection":[{"href":"https:\/\/pegasus-fahrschule.com\/tr\/wp-json\/wp\/v2\/pages"}],"about":[{"href":"https:\/\/pegasus-fahrschule.com\/tr\/wp-json\/wp\/v2\/types\/page"}],"author":[{"embeddable":true,"href":"https:\/\/pegasus-fahrschule.com\/tr\/wp-json\/wp\/v2\/users\/1"}],"replies":[{"embeddable":true,"href":"https:\/\/pegasus-fahrschule.com\/tr\/wp-json\/wp\/v2\/comments?post=38"}],"version-history":[{"count":54,"href":"https:\/\/pegasus-fahrschule.com\/tr\/wp-json\/wp\/v2\/pages\/38\/revisions"}],"predecessor-version":[{"id":1145,"href":"https:\/\/pegasus-fahrschule.com\/tr\/wp-json\/wp\/v2\/pages\/38\/revisions\/1145"}],"wp:attachment":[{"href":"https:\/\/pegasus-fahrschule.com\/tr\/wp-json\/wp\/v2\/media?parent=38"}],"curies":[{"name":"wp","href":"https:\/\/api.w.org\/{rel}","templated":true}]}}