{"id":656,"date":"2023-01-02T18:15:26","date_gmt":"2023-01-02T18:15:26","guid":{"rendered":"https:\/\/pegasus-fahrschule.com\/?page_id=656"},"modified":"2023-06-15T08:21:26","modified_gmt":"2023-06-15T08:21:26","slug":"fa","status":"publish","type":"page","link":"https:\/\/pegasus-fahrschule.com\/tr\/fa\/","title":{"rendered":"Soru ve Cevap"},"content":{"rendered":"<div class=\"fua\">\n\n  <h2>En s\u0131k sorulan 10 soru<\/h2>\n\n  <details>\n    <summary>Ehliyet \u00fccreti ne kadar? <\/summary>\n    <p>Yakla\u015f\u0131k 1.800 Euro'yu hesaba katmal\u0131s\u0131n\u0131z - ancak d\u00fc\u015f\u00fcnd\u00fc\u011f\u00fcn\u00fczden daha pahal\u0131 hale gelmemesi i\u00e7in t\u00fcm maliyetler kesinlikle dikkate al\u0131nmal\u0131d\u0131r.\n       G\u00f6z testi, ilk yard\u0131m kursu ve pasaport foto\u011fraf\u0131 i\u00e7in yakla\u015f\u0131k 30 Euro'ya geliyorsunuz. Bir s\u00fcr\u00fcc\u00fc belgesinin ilk verilmesi, s\u00fcr\u00fcc\u00fc belgesinin verilmesini ve \u00fccretleri kapsayan yakla\u015f\u0131k 45 avroya mal oluyor. E\u011fitimin kendisi en pahal\u0131d\u0131r: Teori ve s\u00fcr\u00fc\u015f dersleri i\u00e7in en az yakla\u015f\u0131k 1.600 Euro planlamal\u0131s\u0131n\u0131z. Son olarak, test \u00fccretleri var: B kategorisi ehliyet i\u00e7in teori i\u00e7in yakla\u015f\u0131k 35 avro ve pratik s\u0131nav i\u00e7in 110 avro. Ba\u015far\u0131s\u0131z olanlar birka\u00e7 ek s\u00fcr\u00fc\u015f dersi almal\u0131 ve testi tekrar etmelidir.\n       Ancak g\u00fcn\u00fcn sonunda, ne kadar \u00f6dedi\u011finiz de\u011fil, ba\u015far\u0131l\u0131 bir \u015fekilde ge\u00e7ti\u011finiz ve trafi\u011fe uygun oldu\u011funuz \u00f6nemlidir. Offenbach ve Frankfurt'ta trafik hacmi, k\u0131rsal b\u00f6lgelere g\u00f6re \u00f6nemli \u00f6l\u00e7\u00fcde daha y\u00fcksektir. Bu nedenle, iyi bir e\u011fitim alman\u0131z ve ehliyet s\u0131nav\u0131ndan sonra bile yolda g\u00fcvende olman\u0131z \u00f6nemlidir. \u00d6nlenebilir bir kaza veya basit bir park t\u00fcmse\u011fi, s\u00fcr\u00fcc\u00fc belgesi e\u011fitiminizin bir\u00e7ok kat\u0131na mal olabilir.\n    <\/p>\n  <\/details>\n  <details>\n    <summary>S\u00fcr\u00fcc\u00fc belgem i\u00e7in ne zaman ba\u015fvurabilirim? <\/summary>\n    <p>Yasama organ\u0131, teori s\u0131nav\u0131na 18. ya\u015f g\u00fcn\u00fcn\u00fczden \u00fc\u00e7 ay \u00f6nce, uygulama s\u0131nav\u0131na ise bir ay \u00f6nce izin verir. Ayn\u0131 durum, 17. ya\u015f g\u00fcn\u00fcn\u00fczden \u00f6nce refakatli s\u00fcr\u00fc\u015f i\u00e7in de ge\u00e7erlidir.\n       Bu nedenle \u00e7ok daha erken kay\u0131t olabilirsiniz, \u00e7\u00fcnk\u00fc sonu\u00e7ta teori derslerine kat\u0131lmak ve s\u00fcr\u00fc\u015f derslerinizi almak i\u00e7in biraz zamana ihtiyac\u0131n\u0131z var.\n    <\/p>\n  <\/details>\n  <details>\n    <summary>Bir arkada\u015f\u0131m sadece 12 \u00f6zel gezi yapt\u0131. Bu olabilir mi? <\/summary>\n    <p>Arkada\u015f \u00e7evrenize sorarsan\u0131z, ka\u00e7 tane oldu\u011fu konusunda nadiren d\u00fcr\u00fcst bir cevap al\u0131rs\u0131n\u0131z.\n       Birinin ehliyet almas\u0131 i\u00e7in s\u00fcr\u00fcc\u00fc kursuna ihtiyac\u0131 vard\u0131. \u00d6zellikle gen\u00e7 erkekler bu cevapla dalga ge\u00e7iyor.\n       \u00f6zellikle \u00e7\u0131rakl\u0131\u011fa ba\u015flamadan \u00f6nce bile harika bir s\u00fcr\u00fcc\u00fc oldu\u011funuzu g\u00f6stermek i\u00e7in.\n       Ancak bunun nadiren ger\u00e7eklikle ilgisi oldu\u011fu herkes i\u00e7in a\u00e7\u0131k olmal\u0131d\u0131r.\n       Bununla birlikte, 15 ya\u015f\u0131ndan beri orada olan biri veya di\u011feri mutlaka vard\u0131r.\n       zaten olduk\u00e7a yasal olarak scooter ile yollarda ve bu nedenle \u00f6nemli ve \u00f6nemli ge\u00e7mi\u015f deneyime sahip\n       karayolu trafi\u011fini getirir. Ve baz\u0131 insanlar zaten ebeveynleriyle birlikte uygulama alan\u0131na gitmi\u015f olabilir.\n       pratik ve sizden 1-2 s\u00fcr\u00fc\u015f saati \u00f6ndedir. Ama l\u00fctfen ba\u015fkalar\u0131n\u0131n sizi bask\u0131 alt\u0131na almas\u0131na izin vermeyin.\n       Herkesin en iyi \u00f6\u011frenebilece\u011fi kendi ki\u015fisel h\u0131z\u0131 vard\u0131r. Her ek s\u00fcr\u00fc\u015f saati daha fazla anlam ifade eder\n       S\u0131nav ve sonras\u0131 i\u00e7in g\u00fcvenlik. Bizimle m\u00fcmk\u00fcn oldu\u011fu kadar az ve m\u00fcmk\u00fcn oldu\u011funca \u00e7ok s\u00fcr\u00fc\u015f dersi al\u0131rs\u0131n\u0131z.\n       Ehliyet s\u0131nav\u0131n\u0131z\u0131 g\u00fcvenle ve kendinizden emin bir \u015fekilde ge\u00e7menizi sa\u011flamak i\u00e7in gereklidir.\n    <\/p>\n  <\/details>\n  <details>\n    <summary>\u0130yi bir s\u00fcr\u00fcc\u00fc kursu nas\u0131l anla\u015f\u0131l\u0131r? <\/summary>\n    <p>S\u00fcr\u00fcc\u00fc kursu se\u00e7erken elbette fiyat\u0131 g\u00f6zden ka\u00e7\u0131rmamal\u0131s\u0131n\u0131z. Bununla birlikte, ayn\u0131 zamanda\n       fiyat\u0131n arkas\u0131ndaki genel performansa dikkat etmek.\n       Arkada\u015flar\u0131n\u0131z ve tan\u0131d\u0131klar\u0131n\u0131z ne t\u00fcr deneyimler ya\u015fad\u0131? E\u011fer kendilerini iyi hissederlerse ve \u00e7ok \u015fey \u00f6\u011frenirlerse,\n       bu olumlu bir \u015fey mi? \u0130nternette inceleme var m\u0131? Ama dikkatli olun, her \u00f6vg\u00fcn\u00fcn veya\n       her ele\u015ftiri ger\u00e7e\u011fi i\u00e7erir. Fiyatlar s\u00f6z konusu oldu\u011funda s\u00fcr\u00fcc\u00fc kursu nas\u0131l bir izlenim b\u0131rak\u0131yor? o a\u00e7\u0131k m\u0131\n       matemati\u011fi evde kendiniz yapabilmeniz i\u00e7in \u015feffaf ve ba\u015ftan sona t\u00fcm maliyetler hakk\u0131nda bilgi sa\u011flar,\n       ne beklemeli yoksa ger\u00e7ek\u00e7i olmayan paketler mi sunuyor ve ge\u00e7mi\u015fe bak\u0131ld\u0131\u011f\u0131nda ger\u00e7ekten hi\u00e7 olmayan ucuz tekliflerle sizi cezbediyor mu?\n       S\u00fcr\u00fc\u015f derslerinde \u00f6n g\u00f6r\u00fc\u015fme ve takip tart\u0131\u015fmalar\u0131 yap\u0131l\u0131yor mu? Bu, s\u00fcr\u00fc\u015f e\u011fitmeninin zaman ay\u0131rd\u0131\u011f\u0131 ve\n       bir \u00f6\u011frenci s\u00fcr\u00fcc\u00fc olarak onun i\u00e7in \u00f6nemlisiniz. \u0130stek \u00fczerine \u00f6\u011frenci s\u00fcr\u00fcc\u00fcler i\u00e7in bir s\u00fcr\u00fc\u015f e\u011fitmeni var m\u0131?\n       Ba\u015fka bir \u00f6\u011frenci s\u00fcr\u00fcc\u00fcyle test s\u00fcr\u00fc\u015f\u00fc yapabilir veya bir teori dersine kat\u0131labilir misiniz?\n       Pedagoji ve kalite konusunda iyi bir ilk izlenim edinebilirsiniz. Daha a\u00e7\u0131k ve \u015feffaf\n       S\u00fcr\u00fcc\u00fc kurslar\u0131, \u00f6\u011frenen bir s\u00fcr\u00fcc\u00fc olarak de\u011fer verildi\u011finizden o kadar emin olabilirsiniz.\n    <\/p>\n  <\/details>\n  <details>\n    <summary>Randevu nas\u0131l i\u015fliyor? Randevunuzu programlayabilir misiniz?\n               S\u00fcr\u00fcc\u00fc kursunun g\u00f6r\u00fc\u015f\u00fcne kat\u0131l\u0131yor musunuz yoksa s\u00fcr\u00fcc\u00fc kursunun ayarlad\u0131\u011f\u0131 randevular\u0131 almak zorunda m\u0131s\u0131n\u0131z? <\/summary>\n    <p>\u0130yi bir s\u00fcr\u00fcc\u00fc kursu esnek tepki verir ve uygun alternatif tarihler sunar.\n       Sonunda bu sizin kendi izleniminiz ve hissinizdir. S\u00fcr\u00fcc\u00fc kursu, sahip oldu\u011funuz t\u00fcm sorular\u0131 yan\u0131tlamak i\u00e7in zaman ay\u0131r\u0131yor mu? Sorunlara veya korkulara a\u00e7\u0131k m\u0131s\u0131n\u0131z? S\u00fcr\u00fcc\u00fc kursunda kimya do\u011fru mu? Odalar nas\u0131l \u00e7al\u0131\u015f\u0131r?\n       Her \u015fey uyuyorsa ve iyi bir i\u00e7g\u00fcd\u00fcye sahipseniz, sizin i\u00e7in do\u011fru s\u00fcr\u00fcc\u00fc okulunu bulmu\u015fsunuzdur.\n    <\/p>\n  <\/details>\n  <details>\n    <summary>Ger\u00e7ekten \u00e7ok k\u00f6t\u00fc bir s\u0131nav kayg\u0131m var. Ne yapabilirim?<\/summary>\n    <p>Ba\u015far\u0131s\u0131z: D\u00fcnyada hi\u00e7bir \u015fey duymak istemeyece\u011finiz bir kelime. Ehliyet s\u0131nav\u0131nda\n       sadece uzun zamand\u0131r beklenen \u00f6zg\u00fcrl\u00fc\u011fe gecikmeli bir ba\u015flang\u0131\u00e7 \u200b\u200bde\u011fil, ayn\u0131 zamanda\n       ek maliyetler, \u00e7\u00fcnk\u00fc her yeni giri\u015fim yeni \u00fccretler gerektirir.\n       Bu nedenle bizde sadece \u00f6\u011frenci s\u00fcr\u00fcc\u00fcler teori ve pratik testlere kabul edilirler ve onlar da bu s\u0131nava girerler.\n       ger\u00e7ekten var olabilir. M\u00fckemmel haz\u0131rl\u0131\u011fa ra\u011fmen birisinin olmas\u0131 bizim i\u00e7in daha da sinir bozucu.\n       S\u0131nav\u0131 mahvettin - \u00e7\u00fcnk\u00fc sinirlerin gergin.\n       Kendini i\u015fine adam\u0131\u015f s\u00fcr\u00fcc\u00fc e\u011fitmenleri ekibi, \u015fimdiden binlerce \u00f6\u011frenciye s\u0131navlarda e\u015flik etti ve bilir\n       m\u00fcmk\u00fcn oldu\u011funca rahat kalmak i\u00e7in ne yapmal\u0131: \"S\u0131navlardan korkma e\u011filiminde olan herkes,\n       Fazladan strese neden olan her \u015feyden ka\u00e7\u0131n\u0131n.\u201d diye tavsiye ediyor i\u015fletme sahibi Suna Sanverdi.\n       S\u0131navdan \u00f6nceki gece kesinlikle zaman\u0131nda yatmal\u0131s\u0131n\u0131z \u2013\n       s\u0131cak bir banyo rahatlamaya yard\u0131mc\u0131 olur.\n       Ertesi sabah erken kalkmak, rahat bir kahvalt\u0131 i\u00e7in yeterli zaman b\u0131rak\u0131r -\n       ama l\u00fctfen \u00e7ok fazla kahve veya di\u011fer uyar\u0131c\u0131 i\u00e7ecekler olmadan.\n       Sakin kalmak i\u00e7in, s\u0131nav g\u00f6revlilerinin size zarar vermemek ve kimseyi kastetmediklerini akl\u0131n\u0131zda tutabilirsiniz.\n       k\u00fc\u00e7\u00fck bir hata y\u00fcz\u00fcnden ba\u015far\u0131s\u0131z oluyor.\u201d Bu gibi durumlarda cesaretinizin k\u0131r\u0131lmamas\u0131 \u00f6nemlidir.\n       getirmek, ancak m\u00fcmk\u00fcn oldu\u011funca rahat kalmak.\n       S\u0131nav\u0131 iyi ge\u00e7menin en iyi \u00f6n ko\u015fulu, g\u00fcvene dayal\u0131 bir ili\u015fkidir ve \u00f6yle kalacakt\u0131r.\n       \u00f6\u011frenci s\u00fcr\u00fcc\u00fc ve e\u011fitmen aras\u0131nda. \u201cBir durum hakk\u0131nda g\u00fcvensiz hissetmedi\u011finizi veya hissetmedi\u011finizi kabul etmek\n       anla\u015f\u0131ld\u0131, egoyu ka\u015f\u0131yor\u201d diyor Suna \u015eanverdi. \"Fakat bu t\u00fcr \u015feyleri \u00f6nceden ele al\u0131r ve \u00f6zel olarak uygularsan\u0131z,\n       S\u0131nava daha \u00f6zg\u00fcvenli ve dolay\u0131s\u0131yla daha rahat ba\u015flar.\n    <\/p>\n  <\/details>\n  <h2>Kay\u0131t hakk\u0131nda her \u015fey<\/h2>\n  <details>\n    <summary>S\u00fcr\u00fcc\u00fc ehliyeti i\u00e7in gereksinimler nelerdir?<\/summary>\n    <p>En az 18 ya\u015f\u0131nda olmal\u0131s\u0131n\u0131z. Ancak, s\u00fcr\u00fcc\u00fc kursuna \u00e7ok daha erken kay\u0131t olabilirsiniz.\n       Kaydolun ve derslerinize ba\u015flay\u0131n - refakatli s\u00fcr\u00fc\u015f i\u00e7in minimum ya\u015f 17'dir.\n       Almanya'da ya\u015faman\u0131z ve fiziksel ve zihinsel olarak g\u00fcvenli bir \u015fekilde araba kullanabilmeniz gerekir.\n       s\u00fcrmek. Ayr\u0131ca, s\u00fcr\u00fcc\u00fc belgesi ba\u015fvurusunun onaylanm\u0131\u015f olmas\u0131 gerekir;\n       her durumda apa\u00e7\u0131k de\u011fildir. Anahtar kelime: polis taraf\u0131ndan biliniyor\n       alkol veya uyu\u015fturucu kullan\u0131m\u0131. Ayr\u0131ca, ehliyet almak zaman ve para gerektirir.\n       Ki\u015fisel durumunuza ba\u011fl\u0131 olarak, bir y\u0131la kadar s\u00fcrebilir.<\/p>\n  <\/details>\n  <details>\n    <summary>Ehliyet \u015fubesine ba\u015fvurmak i\u00e7in ne yapmal\u0131y\u0131m?<\/summary>\n    <p>Ba\u015fvuru i\u00e7in, ba\u015far\u0131l\u0131 g\u00f6z testi ve ilk yard\u0131m kursu sertifikalar\u0131na ihtiyac\u0131n\u0131z vard\u0131r.\n       Ayr\u0131ca biyometrik bir vesikal\u0131k foto\u011frafa ve s\u00fcr\u00fcc\u00fc kursu kayd\u0131na ihtiyac\u0131n\u0131z var. Sadece hibe verildi\u011finde\n       s\u00fcr\u00fcc\u00fc belgesi verildi ve gerekli t\u00fcm saatleri tamamlad\u0131n\u0131z,\n       ve ard\u0131ndan deneme s\u0131nav\u0131na girin.<\/p>\n  <\/details>\n  <details>\n    <summary> Ehliyet dairesine ba\u015fvurmak ne kadar s\u00fcrer?<\/summary>\n    <p>Ehliyet ofisi yakla\u015f\u0131k 6-8 hafta s\u00fcrer. Nadir durumlarda, 10 haftaya kadar s\u00fcrebilir.\n       Bu nedenle ba\u015fvurunuzu biyometrik vesikal\u0131k foto\u011fraf, sertifika ile birlikte yapmal\u0131s\u0131n\u0131z.\n       en k\u0131sa s\u00fcrede ilk yard\u0131m kursu ve g\u00f6z testi hakk\u0131nda.<\/p>\n  <\/details>\n  <details>\n    <summary>Ba\u015fvuru ne kadar s\u00fcreyle ge\u00e7erlidir?<\/summary>\n    <p>Ehliyet s\u0131nav\u0131na girmeden \u00f6nce ehliyet ba\u015fvurusunda bulunman\u0131z gerekir.\n       irade. Bu izni ald\u0131ktan sonra on iki ay i\u00e7inde teori s\u0131nav\u0131na girmeniz gerekir.\n       Pratik s\u0131nav, teori s\u0131nav\u0131n\u0131 ge\u00e7tikten sonra on iki ayl\u0131k bir s\u00fcre i\u00e7inde yap\u0131lmal\u0131d\u0131r.\n       at\u0131lmak<\/p>\n  <\/details>\n  <details>\n    <summary>Es gibt doch auch einen F\u00fchrerschein ab 17 Jahren?<\/summary>\n    <p>Do\u011fru, acemi s\u00fcr\u00fcc\u00fcler i\u00e7in \u00f6zel bir d\u00fczenleme var. Belirli ko\u015fullar alt\u0131nda 17 ya\u015f\u0131nda olabilirsiniz.\n       Bir ehliyet (B s\u0131n\u0131f\u0131) al\u0131n ve araba s\u00fcr\u00fcn. Her yolculukta bir refakat\u00e7i bulunmal\u0131d\u0131r.\n       Bu, 30 ya\u015f\u0131n \u00fczerinde olmal\u0131, s\u00fcr\u00fcc\u00fc belgesine (B kategorisi) be\u015f y\u0131ldan fazla sahip olmal\u0131d\u0131r ve\n       trafik kayd\u0131nda birden fazla nokta birikmemi\u015f. Bu veya daha fazla e\u015flik eden ki\u015fi\n       \u00f6nceden belirlenecek ve resmi olarak tescil edilecektir. Birinin g\u00f6zetimini kendili\u011finden teslim etmek m\u00fcmk\u00fcn de\u011fildir.\n       Acemi s\u00fcr\u00fcc\u00fc nihayet 18 ya\u015f\u0131na gelir gelmez normal s\u00fcr\u00fcc\u00fc belgesini al\u0131r.<\/p>\n  <\/details>\n  <details>\n    <summary>Ehliyetimi almam ne kadar s\u00fcrer?<\/summary>\n    <p>Ehliyet s\u0131nav\u0131 hi\u00e7bir ko\u015fulda Abitur gibi di\u011fer \u00f6nemli olaylarla birle\u015ftirilmemelidir.\n       \u00e7ak\u0131\u015fmak Teorik ve pratik test i\u00e7in t\u00fcm konsantrasyonunuzu bir arada tutmal\u0131s\u0131n\u0131z,\n       aksi takdirde e\u011flence gereksiz yere pahal\u0131 hale gelebilir. Ba\u015fvurudan evraklar\u0131n iadesine kadar\n       Bir s\u00fcr\u00fcc\u00fc kursu i\u00e7in sekiz hafta planlaman\u0131z gerekir. Bu, kullanabilece\u011finiz zamanla ilgili\n       teori derslerine kat\u0131l\u0131n ve s\u00fcr\u00fc\u015f dersleri al\u0131n. Sekiz haftal\u0131k ek bir \"tampon\" ile\n       (hasta olabilirsin vs.) yani 3-4 ay sonra oraya varabilirsin ve yoldas\u0131n.\n       g\u00fcvenli Taraf. Her s\u0131nav durumu i\u00e7in zehir bask\u0131d\u0131r - ister para ister zaman bask\u0131s\u0131.\n    <\/p>\n  <\/details>\n  <details>\n    <summary>Kann man die Fahrschule auch wechseln?<\/summary>\n    <p>Prensip olarak, s\u00fcr\u00fcc\u00fc kursu de\u011fi\u015ftirmek gayet iyi. Belki biri yeterlidir\n       yeni s\u00fcr\u00fc\u015f e\u011fitmeni veya a\u00e7\u0131klay\u0131c\u0131 bir konu\u015fma. Yine de giderseniz, kesinlikle hepsini tamamlayabilirsiniz.\n       Teori ve pratik saatleri onaylay\u0131n. Bunlar yeni s\u00fcr\u00fcc\u00fc okulunda kredilendirilir ve\n       Kural tekrar yap\u0131lamaz. bizimle kapal\u0131s\u0131n <b>herhangi bir zamanda<\/b> E\u011fitiminize ho\u015f geldiniz.\n       bir durumda <b>s\u00fcr\u00fcc\u00fc kursu de\u011fi\u015fikli\u011fi<\/b> sizin i\u00e7in bir tane yapmaktan mutluluk duyar\u0131z <b>\u00f6zel teklif!<\/b>\n    <\/p>\n  <\/details>\n  <h2>Teori hakk\u0131nda her \u015fey<\/h2>\n  <details>\n    <summary>Teori dersleri ne zaman yap\u0131l\u0131r?<\/summary>\n    <p>Teori dersleri, Pazartesi'den sonraki Pazartesi'ye kadar 8 g\u00fcn yo\u011fun kurs olarak ayda bir kez yap\u0131l\u0131r.\n       18:00 - 21:15 aras\u0131 L\u00fctfen dikkat: Pazar g\u00fcnleri ders yoktur.<\/p>\n  <\/details>\n  <details>\n    <summary>Bir saati ka\u00e7\u0131r\u0131rsam ne olur?<\/summary>\n    <p>Bu hi\u00e7 de fena de\u011fil. Konuyu bir sonraki ay bir sonraki kursta \u00f6\u011frenebilirsiniz.<\/p>\n  <\/details>\n  <h2>Direksiyon dersi hakk\u0131nda her \u015fey<\/h2>\n  <details>\n    <summary>\u0130lk direksiyon dersimi ne zaman alabilirim?<\/summary>\n    <p>Teorik olarak ilk s\u00fcr\u00fc\u015f dersinizi kaydolduktan hemen sonra alabilirsiniz - kendinize bir iyilik yap\u0131yorsunuz\n       ama mutlaka \u00f6yle de\u011fil. \u0130lk s\u00fcr\u00fc\u015f dersinizi teori e\u011fitiminin ikinci veya \u00fc\u00e7\u00fcnc\u00fc g\u00fcn\u00fcnden itibaren alman\u0131z\u0131 tavsiye ederiz.\n       Bu \u015fekilde teori ve prati\u011fi i\u00e7 i\u00e7e ge\u00e7irerek kanun koyucunun tavsiyelerine de uyuyoruz. Deneyim g\u00f6sterdi\n       bu yakla\u015f\u0131mla daha az s\u00fcr\u00fc\u015f saatine ihtiya\u00e7 duyars\u0131n\u0131z ve b\u00f6ylece paradan tasarruf edersiniz. Kim sorumludur\n       Direksiyon dersinde kaza m\u0131 oldu? Direksiyon dersi esnas\u0131nda meydana gelebilecek kazalardan direksiyon e\u011fitmeni sorumludur. O ve o de\u011fil\n       Arabadan \u00f6\u011frenci s\u00fcr\u00fcc\u00fc sorumludur. Acil bir durumda arac\u0131n kontrol\u00fcn\u00fc korumak i\u00e7in,\n       s\u00fcr\u00fcc\u00fc e\u011fitmeninin yolcu taraf\u0131nda ek bir fren seti, gaz ve debriyaj vard\u0131r.\n       Kazalar\u0131 \u00f6nlemek i\u00e7in \u00f6\u011frenci s\u00fcr\u00fcc\u00fcn\u00fcn direksiyonunu da tutabilir. Ancak \u00f6\u011frenci s\u00fcr\u00fcc\u00fc davran\u0131r\n       ihmalkar ve bir kazay\u0131 \u00f6nleyebilecek durumdaysa, m\u00fcteselsilen sorumlu tutulabilir.\n    <\/p>\n  <\/details>\n  <details>\n  <summary>Randevumu unutursam ne olur?<\/summary>\n  <p>Alle Fahrstunden, die nicht mindestens 24 Stunden vorher abgesagt wurden, m\u00fcssen wir leider mit einer Geb\u00fchr 25,- EUR\n    pro Unterrichtseinheit (45 Min.) in Rechnung stellen. Schlie\u00dflich hat dein Fahrlehrer die Zeit f\u00fcr dich geblockt.<\/p>\n<\/details>\n  <details>\n  <summary>Ben de evden al\u0131nabilir miyim?<\/summary>\n  <p>Baz\u0131 s\u00fcr\u00fcc\u00fc kurslar\u0131 sizi evinizden al\u0131r ve s\u00fcr\u00fcc\u00fc kursundan sonra geri getirir. \u0130lk ba\u015fta ne\n     Kusursuz hizmetin nas\u0131l g\u00f6r\u00fcnd\u00fc\u011f\u00fcne bir bak\u0131\u015f, size de\u011ferli e\u011fitim s\u00fcresi ve paraya mal olur. Genellikle sen s\u00fcrersin\n     yani, s\u00fcr\u00fcc\u00fc kursunun ba\u015flang\u0131c\u0131nda, \u00f6nce bir \u00f6nceki \u00f6\u011frenciyi eve g\u00f6t\u00fcr\u00fcr ve yaln\u0131zca \u00e7ok nadir durumlarda\n     bu \u015fekilde incelemeyle ilgili alandan ge\u00e7er. En k\u00f6t\u00fc durumda, kendi trafi\u011finiz yerine bir trafik s\u0131k\u0131\u015f\u0131kl\u0131\u011f\u0131na tak\u0131l\u0131p kal\u0131rs\u0131n\u0131z.\n     s\u00fcr\u00fc\u015f becerilerini uygulamak i\u00e7in. Dolay\u0131s\u0131yla bu konuda \u00e7ok net bir kanaatimiz var. Her dakikay\u0131 size ve sizinkine adad\u0131k\n     ehliyet e\u011fitimi. Bu, daha az s\u00fcr\u00fc\u015f dersine ihtiyac\u0131n\u0131z oldu\u011fu, daha h\u0131zl\u0131 \u00f6\u011frendi\u011finiz ve tasarruf etti\u011finiz anlam\u0131na gelir.\n     nakit ile birlikte.\n  <\/p>\n<\/details>\n  <h2>S\u0131nav(lar) hakk\u0131nda her \u015fey<\/h2>\n  <details>\n    <summary>S\u0131navlar\u0131m i\u00e7in nas\u0131l ve ne zaman kay\u0131t olurum?<\/summary>\n    <p>Belgelerinizi yetkililerden ald\u0131\u011f\u0131m\u0131zda, 14 teori dersinin tamam\u0131n\u0131 tamamlam\u0131\u015f ve\n       Ofisimizde yap\u0131lan \u00f6n s\u0131nav\u0131 3 kez ge\u00e7tiyseniz teorik s\u0131nava kabul edilirsiniz ve yapabilirsiniz.\n       Bunun i\u00e7in ofisimize kaydolun. Kaydoldu\u011funuzda, yaln\u0131zca teorik testin masraflar\u0131n\u0131 \u00f6demeniz gerekir.\n       \u00d6denecek T\u00dcV \u00fccretleri dahil. Teori testini ge\u00e7tiyseniz ve 12.\n       \u00d6zel gezileri tamamlad\u0131ysan\u0131z, b\u00fcy\u00fck olas\u0131l\u0131kla pratik s\u00fcr\u00fc\u015f testinize haz\u0131rs\u0131n\u0131z. Bir arada\n       Konuyu s\u00fcr\u00fcc\u00fc e\u011fitmeninizle g\u00f6r\u00fc\u015feceksiniz ve o sizi s\u0131nava kaydedecektir.<\/p>\n  <\/details>\n  <details>\n    <summary>\u0130ki s\u0131nava da ayn\u0131 g\u00fcn girebilir miyim?<\/summary>\n    <p>Teorik olarak m\u00fcmk\u00fcn, ancak bunu tavsiye etmiyoruz. Direksiyon s\u0131nav\u0131 yeterince stresli -\n       neden kendini daha fazla bask\u0131 alt\u0131na almal\u0131s\u0131n? En k\u00f6t\u00fc durumda, bay\u0131l\u0131rs\u0131n\u0131z,\n       teori testinde ba\u015far\u0131s\u0131z olur ve daha sonra pratik teste girmelerine izin verilmez. Hayal k\u0131r\u0131kl\u0131\u011f\u0131 harika\n       ve pratik test \u00fccreti. <b>Bizim \u00f6nerimiz:<\/b> Ad\u0131m ad\u0131m ve her \u015fey zaman\u0131nda.\n       \u0130lk olarak, teori testini ba\u015far\u0131yla tamamlay\u0131n. Birka\u00e7 g\u00fcn nefes al, pillerini \u015farj et, yap\n       belki k\u00fc\u00e7\u00fck \u015feyler \u00fczerinde \u00e7al\u0131\u015fmak ve sonra rahat b\u0131rakmak i\u00e7in son bir s\u00fcr\u00fc\u015f dersi\n       pratik testte.\n    <\/p>\n  <\/details>\n  <details>\n    <summary>Ba\u015far\u0131s\u0131z olursam ne olur?<\/summary>\n    <p>Ba\u015far\u0131s\u0131z olursan\u0131z, 14 g\u00fcn s\u00fcreyle yasaklan\u0131rs\u0131n\u0131z. Bu, s\u0131nav\u0131 tekrarlamadan \u00f6nce pratik yapmak i\u00e7in ne kadar zaman\u0131n\u0131z oldu\u011fudur.\n       Ek bir s\u00fcr\u00fcc\u00fc kursu zorunlu de\u011fildir, ancak \u00f6\u011frenci s\u00fcr\u00fcc\u00fclerimiz i\u00e7in bir tane \u00f6neririz.\n       S\u0131navdan \u00f6nce direksiyon dersi. Bu yard\u0131mc\u0131 olur ve \u00f6zg\u00fcveni yeniden in\u015fa eder.\n  <\/details>\n  <h2>Hala sorular\u0131n\u0131z m\u0131 var?<\/h2>\n  <p>Per Telefon beantworten wir dir, <b>sofort und direkt<\/b>, all deine Fragen. Ruf uns einfach w\u00e4hrend der B\u00fcrozeiten an. Gerne kannst du uns auch eine E-Mail senden! <br>\n    Ard\u0131ndan, hangisini tercih ederseniz edin, e-posta yoluyla veya sizi geri arayarak sizinle ileti\u015fime ge\u00e7ece\u011fiz.<\/p>\n  <p class=\"telfua\"><b>Telefon numaras\u0131:<\/b> <a href=\"tel:+496966817597\">069 66817597<\/a><\/p>\n  <h4>Senin i\u00e7in buraday\u0131z:<\/h4>\n  <p>Pazartesiden Cumaya kadar Saat <b>10:00<\/b> den <b>19:00 Uhr<\/b>\n<br>und am Samstag <b>10:00<\/b> den <b>15:00 Uhr<\/b> bize ula\u015fabilirsiniz<\/p>\n<\/div>","protected":false},"excerpt":{"rendered":"<p>Die 10 h\u00e4ufigsten Fragen Wie viel kostet ein F\u00fchrerschein? Mit rund 1.800 Euro sollte man schon rechnen \u2013 damit es aber nicht teurer wird als gedacht, sollten unbedingt alle Kosten einkalkuliert werden. F\u00fcr den Sehtest, den Erste-Hilfe-Kurs und das Passfoto kommt man auf circa 30 Euro. Die Ersterteilung einer Fahrerlaubnis kostet ungef\u00e4hr 45 Euro, damit &hellip; <\/p>\n<p class=\"link-more\"><a href=\"https:\/\/pegasus-fahrschule.com\/tr\/fa\/\" class=\"more-link\"><span class=\"screen-reader-text\"> &#8220;Fragen und Antworten&#8221;<\/span>devam\u0131n\u0131 oku<\/a><\/p>","protected":false},"author":1,"featured_media":0,"parent":0,"menu_order":0,"comment_status":"closed","ping_status":"closed","template":"","meta":{"footnotes":""},"class_list":["post-656","page","type-page","status-publish","hentry"],"_links":{"self":[{"href":"https:\/\/pegasus-fahrschule.com\/tr\/wp-json\/wp\/v2\/pages\/656","targetHints":{"allow":["GET"]}}],"collection":[{"href":"https:\/\/pegasus-fahrschule.com\/tr\/wp-json\/wp\/v2\/pages"}],"about":[{"href":"https:\/\/pegasus-fahrschule.com\/tr\/wp-json\/wp\/v2\/types\/page"}],"author":[{"embeddable":true,"href":"https:\/\/pegasus-fahrschule.com\/tr\/wp-json\/wp\/v2\/users\/1"}],"replies":[{"embeddable":true,"href":"https:\/\/pegasus-fahrschule.com\/tr\/wp-json\/wp\/v2\/comments?post=656"}],"version-history":[{"count":16,"href":"https:\/\/pegasus-fahrschule.com\/tr\/wp-json\/wp\/v2\/pages\/656\/revisions"}],"predecessor-version":[{"id":1044,"href":"https:\/\/pegasus-fahrschule.com\/tr\/wp-json\/wp\/v2\/pages\/656\/revisions\/1044"}],"wp:attachment":[{"href":"https:\/\/pegasus-fahrschule.com\/tr\/wp-json\/wp\/v2\/media?parent=656"}],"curies":[{"name":"wp","href":"https:\/\/api.w.org\/{rel}","templated":true}]}}