{"id":77,"date":"2022-12-16T16:23:38","date_gmt":"2022-12-16T16:23:38","guid":{"rendered":"https:\/\/pegasus-fahrschule.com\/?page_id=77"},"modified":"2023-06-24T12:43:05","modified_gmt":"2023-06-24T12:43:05","slug":"home","status":"publish","type":"page","link":"https:\/\/pegasus-fahrschule.com\/tr\/","title":{"rendered":"Anasayfa"},"content":{"rendered":"<div style=\"height:100px\" aria-hidden=\"true\" class=\"wp-block-spacer\"><\/div>\n\n\n\n<figure class=\"wp-block-video\"><video height=\"1080\" style=\"aspect-ratio: 1920 \/ 1080;\" width=\"1920\" controls src=\"https:\/\/pegasus-fahrschule.com\/wp-content\/uploads\/2023\/06\/Fahrschule-Pegasus-5.mp4\"><\/video><\/figure>\n\n\n\n<h2 class=\"wp-block-heading\">ehliyet e\u011fitimi<\/h2>\n\n\n\n<p class=\"has-text-align-left\">E\u011fitimin kalitesi bizim \u00f6nceli\u011fimizdir. Ve bu sadece yoldaki pratik \u00fcniteler i\u00e7in de\u011fil, ayn\u0131 zamanda teori k\u0131sm\u0131 i\u00e7in de ge\u00e7erlidir. Uzun y\u0131llara dayanan deneyimimiz, s\u00fcrekli e\u011fitimimiz ve s\u00fcr\u00fc\u015f e\u011fitmenlerimizin ki\u015fisel ba\u011fl\u0131l\u0131\u011f\u0131 bunu m\u00fcmk\u00fcn k\u0131l\u0131yor. Testi g\u00fcvenli bir \u015fekilde ge\u00e7ece\u011finizi ve daha sonra kazas\u0131z bir \u015fekilde yolda olaca\u011f\u0131n\u0131z\u0131 ancak bu \u015fekilde garanti edebiliriz. Ba\u015flang\u0131\u00e7ta zorunlu dersler d\u0131\u015f\u0131nda tam olarak ka\u00e7 tane direksiyon dersi gerekti\u011fini her zaman s\u00f6yleyemeyiz. Bu, bisikletle karayolu trafi\u011findeki deneyim, \u00f6rne\u011fin anlay\u0131\u015f veya sadece yetenek gibi bir\u00e7ok farkl\u0131 fakt\u00f6re ba\u011fl\u0131d\u0131r. Ancak kesin olarak s\u00f6yleyebilece\u011fimiz \u015fey, hi\u00e7bir acemi s\u00fcr\u00fcc\u00fcn\u00fcn bizde \u00e7ok fazla tek bir s\u00fcr\u00fc\u015f dersi almad\u0131\u011f\u0131d\u0131r. \u00c7\u00fcnk\u00fc ehliyet e\u011fitimi bir g\u00fcven meselesidir. Bu \u00f6nemli e\u011fitimden keyif alman\u0131z\u0131 ve hedefinize h\u0131zl\u0131 ve b\u00fcy\u00fck sapmalar olmadan ula\u015fman\u0131z\u0131 istiyoruz. Ve ancak s\u0131nava iyi e\u011fitimli girerseniz bunu garanti edebiliriz. S\u00fcr\u00fc\u015f e\u011fitmeni ile koordinasyon i\u00e7indesiniz ve s\u0131nav\u0131n\u0131z i\u00e7in ne zaman haz\u0131r oldu\u011funuza siz karar veriyorsunuz.<\/p>\n\n\n\n<figure class=\"wp-block-image size-large\"><img loading=\"lazy\" decoding=\"async\" width=\"1024\" height=\"724\" src=\"https:\/\/pegasus-fahrschule.com\/wp-content\/uploads\/2022\/12\/Vertrauen-Pegasus-1024x724.jpg\" alt=\"\" class=\"wp-image-142\" srcset=\"https:\/\/pegasus-fahrschule.com\/wp-content\/uploads\/2022\/12\/Vertrauen-Pegasus-1024x724.jpg 1024w, https:\/\/pegasus-fahrschule.com\/wp-content\/uploads\/2022\/12\/Vertrauen-Pegasus-300x212.jpg 300w, https:\/\/pegasus-fahrschule.com\/wp-content\/uploads\/2022\/12\/Vertrauen-Pegasus-768x543.jpg 768w, https:\/\/pegasus-fahrschule.com\/wp-content\/uploads\/2022\/12\/Vertrauen-Pegasus-1536x1086.jpg 1536w, https:\/\/pegasus-fahrschule.com\/wp-content\/uploads\/2022\/12\/Vertrauen-Pegasus-18x12.jpg 18w, https:\/\/pegasus-fahrschule.com\/wp-content\/uploads\/2022\/12\/Vertrauen-Pegasus.jpg 1920w\" sizes=\"auto, (max-width: 1024px) 100vw, 1024px\" \/><\/figure>","protected":false},"excerpt":{"rendered":"<p>F\u00fchrerschein-Ausbildung Bei uns hat die Qualit\u00e4t der Ausbildung oberste Priorit\u00e4t. Und das gilt nicht nur f\u00fcr die praktischen Einheiten auf der Stra\u00dfe, sondern ebenso f\u00fcr den Theorieteil. Unsere langj\u00e4hrige Erfahrung, st\u00e4ndige Weiterbildungen und das pers\u00f6nliche Engagement unserer Fahrlehrer machen es m\u00f6glich. Denn nur so k\u00f6nnen wir gew\u00e4hrleisten, dass ihr die Pr\u00fcfung sicher besteht und auch &hellip; <\/p>\n<p class=\"link-more\"><a href=\"https:\/\/pegasus-fahrschule.com\/tr\/\" class=\"more-link\"><span class=\"screen-reader-text\"> &#8220;Home&#8221;<\/span>devam\u0131n\u0131 oku<\/a><\/p>","protected":false},"author":1,"featured_media":0,"parent":41,"menu_order":0,"comment_status":"closed","ping_status":"closed","template":"","meta":{"footnotes":""},"class_list":["post-77","page","type-page","status-publish","hentry"],"_links":{"self":[{"href":"https:\/\/pegasus-fahrschule.com\/tr\/wp-json\/wp\/v2\/pages\/77","targetHints":{"allow":["GET"]}}],"collection":[{"href":"https:\/\/pegasus-fahrschule.com\/tr\/wp-json\/wp\/v2\/pages"}],"about":[{"href":"https:\/\/pegasus-fahrschule.com\/tr\/wp-json\/wp\/v2\/types\/page"}],"author":[{"embeddable":true,"href":"https:\/\/pegasus-fahrschule.com\/tr\/wp-json\/wp\/v2\/users\/1"}],"replies":[{"embeddable":true,"href":"https:\/\/pegasus-fahrschule.com\/tr\/wp-json\/wp\/v2\/comments?post=77"}],"version-history":[{"count":37,"href":"https:\/\/pegasus-fahrschule.com\/tr\/wp-json\/wp\/v2\/pages\/77\/revisions"}],"predecessor-version":[{"id":1109,"href":"https:\/\/pegasus-fahrschule.com\/tr\/wp-json\/wp\/v2\/pages\/77\/revisions\/1109"}],"up":[{"embeddable":true,"href":"https:\/\/pegasus-fahrschule.com\/tr\/wp-json\/wp\/v2\/pages\/41"}],"wp:attachment":[{"href":"https:\/\/pegasus-fahrschule.com\/tr\/wp-json\/wp\/v2\/media?parent=77"}],"curies":[{"name":"wp","href":"https:\/\/api.w.org\/{rel}","templated":true}]}}