{"id":786,"date":"2023-01-06T17:59:55","date_gmt":"2023-01-06T17:59:55","guid":{"rendered":"https:\/\/pegasus-fahrschule.com\/?page_id=786"},"modified":"2024-07-11T10:07:15","modified_gmt":"2024-07-11T10:07:15","slug":"impressum","status":"publish","type":"page","link":"https:\/\/pegasus-fahrschule.com\/tr\/impressum\/","title":{"rendered":"Impressum"},"content":{"rendered":"<p>Angaben gem\u00e4\u00df Informationspflicht laut \u00a7 5 Telemediengesetz (TMG).<\/p>\n\n\n\n<p>Yazar &amp; T\u00fcrk GmbH Frankfurter Strasse 68, 63067 Offenbach am Main, Deutschland<\/p>\n\n\n\n<p><strong>UID-Nummer: <\/strong>DE12345678<br><strong>Wirtschafts-ID: <\/strong>DE123456789<br><strong>Register: <\/strong>Handelsregister<br><strong>Registernummer: <\/strong>HRB 50263<br><strong>Registergericht: <\/strong>Amtsgericht Offenbach am Main<\/p>\n\n\n\n<p><strong>Tel.: <\/strong>069 66817597<br><strong>E-Mail: <\/strong>info@pegasus-fahrschule.com<\/p>\n\n\n\n<p><strong>Aufsichtsbeh\u00f6rde<\/strong><\/p>\n\n\n\n<p>Regierungspr\u00e4sidium Darmstadt<\/p>\n\n\n\n<p><strong>Webseite der Aufsichtsbeh\u00f6rde<\/strong><\/p>\n\n\n\n<p><a href=\"https:\/\/rp-darmstadt.hessen.de\">https:\/\/rp-darmstadt.hessen.de<\/a><\/p>\n\n\n\n<p><strong>Anschrift der Aufsichtsbeh\u00f6rde<\/strong><\/p>\n\n\n\n<p>Wilhelminenstra\u00dfe 1-3, 64278 Darmstadt <strong>Berufsbezeichnung: <\/strong>Fahrlehrer<\/p>\n\n\n\n<p><strong>Gesch\u00e4ftsf\u00fchrer<\/strong><\/p>\n\n\n\n<p>Suna Sanverdi<\/p>\n\n\n\n<p><strong>Kontaktdaten des Verantwortlichen f\u00fcr Datenschutz<\/strong><\/p>\n\n\n\n<p>Sollten Sie Fragen zum Datenschutz haben, finden Sie nachfolgend die Kontaktdaten der verantwortlichen Person bzw. Stelle:<br>Yazar &amp; T\u00fcrk GmbH<br>Frankfurter Strasse 68, 63067 Offenbach am Main<\/p>\n\n\n\n<p>Vertretungsberechtigt: Suna Sanverdi E-Mail-Adresse: <a href=\"mailto:info@pegasus-fahrschule.com\">info@pegasus-fahrschule.com<\/a> Telefon: 069 66817597<br>Impressum: <a href=\"https:\/\/pegasus-fahrschule.com\/\" target=\"_blank\" rel=\"noreferrer noopener\">https:\/\/pegasus-fahrschule.com\/<\/a><\/p>\n\n\n\n<p><strong>EU-Streitschlichtung<\/strong><\/p>\n\n\n\n<p>Gem\u00e4\u00df Verordnung \u00fcber Online-Streitbeilegung in Verbraucherangelegenheiten (ODR-Verordnung) m\u00f6chten wir Sie \u00fcber die Online-Streitbeilegungsplattform (OS-Plattform) informieren. Verbraucher haben die M\u00f6glichkeit, Beschwerden an die Online Streitbeilegungsplattform der<\/p>\n\n\n\n<p>Europ\u00e4ischen Kommission unter<\/p>\n\n\n\n<p><a href=\"https:\/\/ec.europa.eu\/consumers\/odr\/main\/index.cfm?event=main.home2.show&amp;lng=DE\" target=\"_blank\" rel=\"noreferrer noopener\">https:\/\/ec.europa.eu\/consumers\/odr\/main\/index.cfm?event=main.home2.show&amp;lng=DE<\/a> zu richten. Die daf\u00fcr notwendigen Kontaktdaten finden Sie oberhalb in unserem Impressum.<\/p>\n\n\n\n<p>Wir m\u00f6chten Sie jedoch darauf hinweisen, dass wir nicht bereit oder verpflichtet sind, an Streitbeilegungsverfahren vor einer Verbraucherschlichtungsstelle teilzunehmen.<\/p>\n\n\n\n<p><strong>Haftung f\u00fcr Inhalte dieser Website<\/strong><\/p>\n\n\n\n<p>Wir entwickeln die Inhalte dieser Website st\u00e4ndig weiter und bem\u00fchen uns korrekte und aktuelle Informationen bereitzustellen. Leider k\u00f6nnen wir keine Haftung f\u00fcr die Korrektheit aller Inhalte auf dieser Website \u00fcbernehmen, speziell f\u00fcr jene, die seitens Dritter bereitgestellt wurden. Als Diensteanbieter sind wir nicht verpflichtet, die von Ihnen \u00fcbermittelten oder gespeicherten Informationen zu \u00fcberwachen oder nach Umst\u00e4nden zu forschen, die auf eine rechtswidrige T\u00e4tigkeit hinweisen.<\/p>\n\n\n\n<p>Unsere Verpflichtungen zur Entfernung von Informationen oder zur Sperrung der Nutzung von Informationen nach den allgemeinen Gesetzen aufgrund von gerichtlichen oder beh\u00f6rdlichen Anordnungen bleiben auch im Falle unserer Nichtverantwortlichkeit davon unber\u00fchrt.<\/p>\n\n\n\n<p>Sollten Ihnen problematische oder rechtswidrige Inhalte auffallen, bitte wir Sie uns umgehend zu kontaktieren, damit wir die rechtswidrigen Inhalte entfernen k\u00f6nnen. Sie finden die Kontaktdaten im Impressum.<\/p>\n\n\n\n<p><strong>Haftung f\u00fcr Links auf dieser Website<\/strong><\/p>\n\n\n\n<p>Unsere Website enth\u00e4lt Links zu anderen Websites f\u00fcr deren Inhalt wir nicht verantwortlich sind. Haftung f\u00fcr verlinkte Websites besteht f\u00fcr uns nicht, da wir keine Kenntnis rechtswidriger T\u00e4tigkeiten hatten und haben, uns solche Rechtswidrigkeiten auch bisher nicht aufgefallen sind und wir Links sofort entfernen w\u00fcrden, wenn uns Rechtswidrigkeiten bekannt werden.<\/p>\n\n\n\n<p>Wenn Ihnen rechtswidrige Links auf unserer Website auffallen, bitte wir Sie uns zu kontaktieren. Sie finden die Kontaktdaten im Impressum.<\/p>\n\n\n\n<p><strong>Urheberrechtshinweis<\/strong><\/p>\n\n\n\n<p>Alle Inhalte dieser Webseite (Bilder, Fotos, Texte, Videos) unterliegen dem Urheberrecht. Bitte fragen Sie uns bevor Sie die Inhalte dieser Website verbreiten, vervielf\u00e4ltigen oder verwerten wie zum Beispiel auf anderen Websites erneut ver\u00f6ffentlichen. Falls notwendig, werden wir die unerlaubte Nutzung von Teilen der Inhalte unserer Seite rechtlich verfolgen.<\/p>\n\n\n\n<p>Sollten Sie auf dieser Webseite Inhalte finden, die das Urheberrecht verletzen, bitten wir Sie uns zu kontaktieren.<\/p>\n\n\n\n<p><strong>Bildernachweis<\/strong><\/p>\n\n\n\n<p>\u00a9 Einige Bilder Stammen von <strong>iStock<\/strong> <a href=\"http:\/\/www.istockphoto.com\" data-type=\"link\" data-id=\"www.istockphoto.com\">www.istockphoto.com<\/a> <\/p>\n\n\n\n<p>Die Bilder, Fotos und Grafiken auf dieser Webseite sind urheberrechtlich gesch\u00fctzt.<\/p>\n\n\n\n<p>Die Bilderrechte liegen bei: Yazar &amp; T\u00fcrk GmbH<\/p>\n\n\n\n<p>Alle Texte sind urheberrechtlich gesch\u00fctzt.<br><\/p>","protected":false},"excerpt":{"rendered":"<p>Angaben gem\u00e4\u00df Informationspflicht laut \u00a7 5 Telemediengesetz (TMG). Yazar &amp; T\u00fcrk GmbH Frankfurter Strasse 68, 63067 Offenbach am Main, Deutschland UID-Nummer: DE12345678Wirtschafts-ID: DE123456789Register: HandelsregisterRegisternummer: HRB 50263Registergericht: Amtsgericht Offenbach am Main Tel.: 069 66817597E-Mail: info@pegasus-fahrschule.com Aufsichtsbeh\u00f6rde Regierungspr\u00e4sidium Darmstadt Webseite der Aufsichtsbeh\u00f6rde https:\/\/rp-darmstadt.hessen.de Anschrift der Aufsichtsbeh\u00f6rde Wilhelminenstra\u00dfe 1-3, 64278 Darmstadt Berufsbezeichnung: Fahrlehrer Gesch\u00e4ftsf\u00fchrer Suna Sanverdi Kontaktdaten des &hellip; <\/p>\n<p class=\"link-more\"><a href=\"https:\/\/pegasus-fahrschule.com\/tr\/impressum\/\" class=\"more-link\"><span class=\"screen-reader-text\"> &#8220;Impressum&#8221;<\/span>devam\u0131n\u0131 oku<\/a><\/p>","protected":false},"author":1,"featured_media":0,"parent":0,"menu_order":0,"comment_status":"closed","ping_status":"closed","template":"","meta":{"footnotes":""},"class_list":["post-786","page","type-page","status-publish","hentry"],"_links":{"self":[{"href":"https:\/\/pegasus-fahrschule.com\/tr\/wp-json\/wp\/v2\/pages\/786","targetHints":{"allow":["GET"]}}],"collection":[{"href":"https:\/\/pegasus-fahrschule.com\/tr\/wp-json\/wp\/v2\/pages"}],"about":[{"href":"https:\/\/pegasus-fahrschule.com\/tr\/wp-json\/wp\/v2\/types\/page"}],"author":[{"embeddable":true,"href":"https:\/\/pegasus-fahrschule.com\/tr\/wp-json\/wp\/v2\/users\/1"}],"replies":[{"embeddable":true,"href":"https:\/\/pegasus-fahrschule.com\/tr\/wp-json\/wp\/v2\/comments?post=786"}],"version-history":[{"count":5,"href":"https:\/\/pegasus-fahrschule.com\/tr\/wp-json\/wp\/v2\/pages\/786\/revisions"}],"predecessor-version":[{"id":1147,"href":"https:\/\/pegasus-fahrschule.com\/tr\/wp-json\/wp\/v2\/pages\/786\/revisions\/1147"}],"wp:attachment":[{"href":"https:\/\/pegasus-fahrschule.com\/tr\/wp-json\/wp\/v2\/media?parent=786"}],"curies":[{"name":"wp","href":"https:\/\/api.w.org\/{rel}","templated":true}]}}